{"id":39331,"date":"2025-05-09T23:06:28","date_gmt":"2025-05-09T21:06:28","guid":{"rendered":"https:\/\/family-tune.com\/imprint\/"},"modified":"2025-11-17T22:26:43","modified_gmt":"2025-11-17T21:26:43","slug":"imprint","status":"publish","type":"page","link":"https:\/\/family-tune.com\/en\/imprint\/","title":{"rendered":"Imprint"},"content":{"rendered":"\t\t<div data-elementor-type=\"wp-page\" data-elementor-id=\"39331\" class=\"elementor elementor-39331 elementor-39199\" data-elementor-post-type=\"page\">\n\t\t\t\t<div class=\"elementor-element elementor-element-d1229a7 e-flex e-con-boxed tm-col-stretched-none tm-bg-color-over-image e-con e-parent\" data-id=\"d1229a7\" data-element_type=\"container\" data-settings=\"{&quot;background_background&quot;:&quot;classic&quot;}\">\n\t\t\t\t\t<div class=\"e-con-inner\">\n\t\t<div class=\"elementor-element elementor-element-477fd0c e-con-full e-flex tm-col-stretched-none tm-bg-color-over-image e-con e-child\" data-id=\"477fd0c\" data-element_type=\"container\">\n\t\t<div class=\"elementor-element elementor-element-850b869 e-con-full tm-col-stretched-none e-flex tm-bg-color-over-image e-con e-child\" data-id=\"850b869\" data-element_type=\"container\">\n\t\t\t\t<div class=\"elementor-element elementor-element-b5bcc5b horizontal-line-align-left vertical-line-align-bottom elementor-widget elementor-widget-tm-ele-section-title\" data-id=\"b5bcc5b\" data-element_type=\"widget\" data-widget_type=\"tm-ele-section-title.default\">\n\t\t\t\t<div class=\"elementor-widget-container\">\n\t\t\t\t\t<div class=\"tm-sc-section-title section-title \">\r\n\t<div class=\"title-wrapper\">\r\n\t\t\t\t\t\t\t<h1 class=\"title tm-split-text split-in-right\">\r\n\r\n\t\t\r\n\t\t\t\t<span class=\"title-part1 \">Impressum<\/span>\r\n\t\t\t\t\r\n\t\t\r\n\t<\/h1>\r\n\t<div class=\"title-seperator-line\"><\/div>\t\t\t\t\t\t<\/div>\r\n<\/div>\t\t\t\t<\/div>\n\t\t\t\t<\/div>\n\t\t\t\t<div class=\"elementor-element elementor-element-dc9d6d8 elementor-widget elementor-widget-tm-ele-text-editor\" data-id=\"dc9d6d8\" data-element_type=\"widget\" data-widget_type=\"tm-ele-text-editor.default\">\n\t\t\t\t<div class=\"elementor-widget-container\">\n\t\t\t\t\t\t\t<div class=\"tm-text-editor\">\r\n\t\t\n<p>Samet Polat<br \/>Waldeckerstr. 6<br \/>64546 M\u00f6rfelden-Walldorf<\/p>\n\n\n\n<h2 class=\"wp-block-heading\">Kontakt<\/h2>\n\n\n\n<p>Telefon: +49 1525 9999 109<br \/>E-Mail: info@family-tune.com<\/p>\n\n\n\n<h2 class=\"wp-block-heading\">UMSATZSTEUER-ID<\/h2>\n\n\n\n<p>Umsatzsteuer-Identifikationsnummer gem\u00e4\u00df Sect. 27 a des Umsatzsteuergesetzes:<br \/>DE324924901<\/p>\n\n\n\n<h2 class=\"wp-block-heading\">EU-Streitbeilegung<\/h2>\n\n\n\n<p>Die Europ\u00e4ische Kommission stellt eine Plattform f\u00fcr die Online-Streitbeilegung (ODR) zur Verf\u00fcgung: <a href=\"https:\/\/ec.europa.eu\/consumers\/odr\/\" target=\"_blank\" rel=\"noreferrer noopener\">https:\/\/ec.europa.eu\/consumers\/odr\/.<\/a><br \/>Unsere E-Mail-Adresse finden Sie oben im Impressum der Website.<\/p>\n\n\n\n<h2 class=\"wp-block-heading\">Streitschlichtungsverfahren vor einer Verbraucherschlichtungsstelle<\/h2>\n\n\n\n<p>Wir sind nicht bereit oder verpflichtet, an einem Streitbeilegungsverfahren vor einer Verbraucherschlichtungsstelle teilzunehmen.<\/p>\n\t\t<\/div>\r\n\t\t\t\t\t<\/div>\n\t\t\t\t<\/div>\n\t\t\t\t<\/div>\n\t\t\t\t<\/div>\n\t\t\t\t\t<\/div>\n\t\t\t\t<\/div>\n\t\t\t\t<\/div>\n\t\t","protected":false},"excerpt":{"rendered":"<p>Impressum Samet PolatWaldeckerstr. 664546 M\u00f6rfelden-Walldorf Kontakt Telefon: +49 1525 9999 109E-Mail: info@family-tune.com UMSATZSTEUER-ID Umsatzsteuer-Identifikationsnummer gem\u00e4\u00df Sect. 27 a des Umsatzsteuergesetzes:DE324924901&#8230;<\/p>\n","protected":false},"author":1,"featured_media":0,"parent":0,"menu_order":0,"comment_status":"closed","ping_status":"closed","template":"","meta":{"_monsterinsights_skip_tracking":false,"_monsterinsights_sitenote_active":false,"_monsterinsights_sitenote_note":"","_monsterinsights_sitenote_category":0,"_uf_show_specific_survey":0,"_uf_disable_surveys":false,"footnotes":""},"class_list":["post-39331","page","type-page","status-publish","hentry"],"aioseo_notices":[],"_links":{"self":[{"href":"https:\/\/family-tune.com\/en\/wp-json\/wp\/v2\/pages\/39331","targetHints":{"allow":["GET"]}}],"collection":[{"href":"https:\/\/family-tune.com\/en\/wp-json\/wp\/v2\/pages"}],"about":[{"href":"https:\/\/family-tune.com\/en\/wp-json\/wp\/v2\/types\/page"}],"author":[{"embeddable":true,"href":"https:\/\/family-tune.com\/en\/wp-json\/wp\/v2\/users\/1"}],"replies":[{"embeddable":true,"href":"https:\/\/family-tune.com\/en\/wp-json\/wp\/v2\/comments?post=39331"}],"version-history":[{"count":2,"href":"https:\/\/family-tune.com\/en\/wp-json\/wp\/v2\/pages\/39331\/revisions"}],"predecessor-version":[{"id":39333,"href":"https:\/\/family-tune.com\/en\/wp-json\/wp\/v2\/pages\/39331\/revisions\/39333"}],"wp:attachment":[{"href":"https:\/\/family-tune.com\/en\/wp-json\/wp\/v2\/media?parent=39331"}],"curies":[{"name":"wp","href":"https:\/\/api.w.org\/{rel}","templated":true}]}}